{"id":5799,"date":"2025-07-09T10:26:58","date_gmt":"2025-07-09T08:26:58","guid":{"rendered":"https:\/\/www.kongres-estetickej-mediciny.sk\/?page_id=5799"},"modified":"2025-07-09T15:22:21","modified_gmt":"2025-07-09T13:22:21","slug":"cennik","status":"publish","type":"page","link":"https:\/\/www.kongres-estetickej-mediciny.sk\/index.php\/cennik\/","title":{"rendered":"Cenn\u00edk"},"content":{"rendered":"<div class=\"fusion-fullwidth fullwidth-box fusion-builder-row-1 fusion-flex-container nonhundred-percent-fullwidth non-hundred-percent-height-scrolling\" style=\"--awb-border-radius-top-left:0px;--awb-border-radius-top-right:0px;--awb-border-radius-bottom-right:0px;--awb-border-radius-bottom-left:0px;--awb-flex-wrap:wrap;\" ><div class=\"fusion-builder-row fusion-row fusion-flex-align-items-flex-start fusion-flex-content-wrap\" style=\"max-width:1216.8px;margin-left: calc(-4% \/ 2 );margin-right: calc(-4% \/ 2 );\"><div class=\"fusion-layout-column fusion_builder_column fusion-builder-column-0 fusion_builder_column_1_1 1_1 fusion-flex-column\" style=\"--awb-bg-size:cover;--awb-width-large:100%;--awb-margin-top-large:0px;--awb-spacing-right-large:1.92%;--awb-margin-bottom-large:0px;--awb-spacing-left-large:1.92%;--awb-width-medium:100%;--awb-spacing-right-medium:1.92%;--awb-spacing-left-medium:1.92%;--awb-width-small:100%;--awb-spacing-right-small:1.92%;--awb-spacing-left-small:1.92%;\"><div class=\"fusion-column-wrapper fusion-flex-justify-content-flex-start fusion-content-layout-column\"><div class=\"fusion-text fusion-text-1\"><p style=\"font-weight: 400; text-align: center;\"><strong>\u0160tvrtok 25.9.2025<\/strong><\/p>\n<p style=\"text-align: center;\">Predn\u00e1\u0161ky, Coffee break, Ve\u010dera<\/p>\n<p style=\"font-weight: 400; text-align: center;\"><strong>\u00da\u010dastn\u00edcky poplatok bez ubytovania 80 Eur s DPH \/ 1 osoba<\/strong><\/p>\n<hr \/>\n<p style=\"font-weight: 400; text-align: center;\"><strong>Piatok 26.9.2025<\/strong><\/p>\n<p style=\"text-align: center;\">Predn\u00e1\u0161ky, 2x coffee breaks, recepcia<\/p>\n<p style=\"font-weight: 400; text-align: center;\"><strong>\u00da\u010dastn\u00edcky poplatok bez ubytovania 150 Eur s DPH \/ 1 osoba<\/strong><\/p>\n<hr \/>\n<p style=\"font-weight: 400; text-align: center;\"><strong>Sobota 27.9.2025<\/strong><\/p>\n<p style=\"text-align: center;\">Predn\u00e1\u0161ky, coffee break<\/p>\n<p style=\"font-weight: 400; text-align: center;\"><strong>\u00da\u010dastn\u00edcky poplatok bez ubytovania 50 Eur s DPH \/ 1 osoba<\/strong><\/p>\n<hr \/>\n<p style=\"font-weight: 400; text-align: center;\"><strong>\u0160tvrtok 25.9.2025 a Piatok 26.9.2025<\/strong><\/p>\n<p style=\"text-align: center;\">Predn\u00e1\u0161ky, coffee break 1x \u0161tvrtok, 2x piatok, ve\u010dera &#8211; \u0161tvrtok, recepcia &#8211; piatok<\/p>\n<p style=\"font-weight: 400; text-align: center;\"><strong>\u00da\u010dastn\u00edcky poplatok bez ubytovania 230 Eur s DPH \/ 1 osoba<\/strong><\/p>\n<hr \/>\n<p style=\"text-align: center;\"><strong>Piatok 26.9.2025 a Sobota 27.9.2025<\/strong><\/p>\n<p style=\"text-align: center;\">Predn\u00e1\u0161ky, coffee breaks 2x piatok, 1x sobota, recepcia &#8211; piatok<\/p>\n<p style=\"font-weight: 400; text-align: center;\"><strong>\u00da\u010dastn\u00edcky poplatok bez ubytovania 200 Eur s DPH \/ 1 osoba<\/strong><\/p>\n<hr \/>\n<h4 style=\"font-weight: 400; text-align: center;\"><strong>Cel\u00fd kongres 25. &#8211; 27.9.2025<\/strong><\/h4>\n<p style=\"text-align: center;\">Predn\u00e1\u0161ky, coffee breaks &#8211; 1x \u0161tvrtok, 2x piatok, 1x sobota, ve\u010dera &#8211; \u0161tvrtok, obed &#8211; piatok, recepcia &#8211; piatok<\/p>\n<h4 style=\"font-weight: 400; text-align: center;\"><strong>\u00da\u010dastn\u00edcky poplatok bez ubytovania 250 Eur s DPH \/ 1 osoba<\/strong><\/h4>\n<\/div><div class=\"fusion-separator fusion-full-width-sep\" style=\"align-self: center;margin-left: auto;margin-right: auto;width:100%;\"><div class=\"fusion-separator-border sep-double\" style=\"--awb-height:20px;--awb-amount:20px;border-color:var(--awb-color2);border-top-width:1px;border-bottom-width:1px;\"><\/div><\/div><div class=\"fusion-text fusion-text-2\"><p style=\"text-align: center;\"><span style=\"color: #1b5e92;\"><strong>Ak m\u00e1te z\u00e1ujem o ubytovanie, uve\u010fte to v registra\u010dnom formul\u00e1ri, budeme V\u00e1s kontaktova\u0165.<\/strong><\/span><\/p>\n<\/div><\/div><\/div><\/div><\/div>\n","protected":false},"excerpt":{"rendered":"","protected":false},"author":1,"featured_media":0,"parent":0,"menu_order":0,"comment_status":"closed","ping_status":"closed","template":"","meta":{"footnotes":""},"class_list":["post-5799","page","type-page","status-publish","hentry"],"yoast_head":"<!-- This site is optimized with the Yoast SEO plugin v26.3 - https:\/\/yoast.com\/wordpress\/plugins\/seo\/ -->\n<title>Cenn\u00edk - Kongres estetickej medic\u00edny<\/title>\n<meta name=\"robots\" content=\"index, follow, max-snippet:-1, max-image-preview:large, max-video-preview:-1\" \/>\n<link rel=\"canonical\" href=\"https:\/\/www.kongres-estetickej-mediciny.sk\/index.php\/cennik\/\" \/>\n<meta property=\"og:locale\" content=\"sk_SK\" \/>\n<meta property=\"og:type\" content=\"article\" \/>\n<meta property=\"og:title\" content=\"Cenn\u00edk - Kongres estetickej medic\u00edny\" \/>\n<meta property=\"og:url\" content=\"https:\/\/www.kongres-estetickej-mediciny.sk\/index.php\/cennik\/\" \/>\n<meta property=\"og:site_name\" content=\"Kongres estetickej medic\u00edny\" \/>\n<meta property=\"article:publisher\" content=\"https:\/\/www.facebook.com\/felymalaser\" \/>\n<meta property=\"article:modified_time\" content=\"2025-07-09T13:22:21+00:00\" \/>\n<meta name=\"twitter:card\" content=\"summary_large_image\" \/>\n<meta name=\"twitter:label1\" content=\"Predpokladan\u00fd \u010das \u010d\u00edtania\" \/>\n\t<meta name=\"twitter:data1\" content=\"1 min\u00fata\" \/>\n<script type=\"application\/ld+json\" class=\"yoast-schema-graph\">{\"@context\":\"https:\/\/schema.org\",\"@graph\":[{\"@type\":\"WebPage\",\"@id\":\"https:\/\/www.kongres-estetickej-mediciny.sk\/index.php\/cennik\/\",\"url\":\"https:\/\/www.kongres-estetickej-mediciny.sk\/index.php\/cennik\/\",\"name\":\"Cenn\u00edk - Kongres estetickej medic\u00edny\",\"isPartOf\":{\"@id\":\"https:\/\/www.kongres-estetickej-mediciny.sk\/#website\"},\"datePublished\":\"2025-07-09T08:26:58+00:00\",\"dateModified\":\"2025-07-09T13:22:21+00:00\",\"breadcrumb\":{\"@id\":\"https:\/\/www.kongres-estetickej-mediciny.sk\/index.php\/cennik\/#breadcrumb\"},\"inLanguage\":\"sk-SK\",\"potentialAction\":[{\"@type\":\"ReadAction\",\"target\":[\"https:\/\/www.kongres-estetickej-mediciny.sk\/index.php\/cennik\/\"]}]},{\"@type\":\"BreadcrumbList\",\"@id\":\"https:\/\/www.kongres-estetickej-mediciny.sk\/index.php\/cennik\/#breadcrumb\",\"itemListElement\":[{\"@type\":\"ListItem\",\"position\":1,\"name\":\"Domovsk\u00e1 str\u00e1nka\",\"item\":\"https:\/\/www.kongres-estetickej-mediciny.sk\/\"},{\"@type\":\"ListItem\",\"position\":2,\"name\":\"Cenn\u00edk\"}]},{\"@type\":\"WebSite\",\"@id\":\"https:\/\/www.kongres-estetickej-mediciny.sk\/#website\",\"url\":\"https:\/\/www.kongres-estetickej-mediciny.sk\/\",\"name\":\"Kongres estetickej medic\u00edny\",\"description\":\"\",\"publisher\":{\"@id\":\"https:\/\/www.kongres-estetickej-mediciny.sk\/#organization\"},\"potentialAction\":[{\"@type\":\"SearchAction\",\"target\":{\"@type\":\"EntryPoint\",\"urlTemplate\":\"https:\/\/www.kongres-estetickej-mediciny.sk\/?s={search_term_string}\"},\"query-input\":{\"@type\":\"PropertyValueSpecification\",\"valueRequired\":true,\"valueName\":\"search_term_string\"}}],\"inLanguage\":\"sk-SK\"},{\"@type\":\"Organization\",\"@id\":\"https:\/\/www.kongres-estetickej-mediciny.sk\/#organization\",\"name\":\"Kongres laserovej a estetickej medic\u00edny\",\"url\":\"https:\/\/www.kongres-estetickej-mediciny.sk\/\",\"logo\":{\"@type\":\"ImageObject\",\"inLanguage\":\"sk-SK\",\"@id\":\"https:\/\/www.kongres-estetickej-mediciny.sk\/#\/schema\/logo\/image\/\",\"url\":\"https:\/\/www.kongres-estetickej-mediciny.sk\/wp-content\/uploads\/2024\/03\/logo1r.png\",\"contentUrl\":\"https:\/\/www.kongres-estetickej-mediciny.sk\/wp-content\/uploads\/2024\/03\/logo1r.png\",\"width\":2259,\"height\":477,\"caption\":\"Kongres laserovej a estetickej medic\u00edny\"},\"image\":{\"@id\":\"https:\/\/www.kongres-estetickej-mediciny.sk\/#\/schema\/logo\/image\/\"},\"sameAs\":[\"https:\/\/www.facebook.com\/felymalaser\"]}]}<\/script>\n<!-- \/ Yoast SEO plugin. -->","yoast_head_json":{"title":"Cenn\u00edk - Kongres estetickej medic\u00edny","robots":{"index":"index","follow":"follow","max-snippet":"max-snippet:-1","max-image-preview":"max-image-preview:large","max-video-preview":"max-video-preview:-1"},"canonical":"https:\/\/www.kongres-estetickej-mediciny.sk\/index.php\/cennik\/","og_locale":"sk_SK","og_type":"article","og_title":"Cenn\u00edk - Kongres estetickej medic\u00edny","og_url":"https:\/\/www.kongres-estetickej-mediciny.sk\/index.php\/cennik\/","og_site_name":"Kongres estetickej medic\u00edny","article_publisher":"https:\/\/www.facebook.com\/felymalaser","article_modified_time":"2025-07-09T13:22:21+00:00","twitter_card":"summary_large_image","twitter_misc":{"Predpokladan\u00fd \u010das \u010d\u00edtania":"1 min\u00fata"},"schema":{"@context":"https:\/\/schema.org","@graph":[{"@type":"WebPage","@id":"https:\/\/www.kongres-estetickej-mediciny.sk\/index.php\/cennik\/","url":"https:\/\/www.kongres-estetickej-mediciny.sk\/index.php\/cennik\/","name":"Cenn\u00edk - Kongres estetickej medic\u00edny","isPartOf":{"@id":"https:\/\/www.kongres-estetickej-mediciny.sk\/#website"},"datePublished":"2025-07-09T08:26:58+00:00","dateModified":"2025-07-09T13:22:21+00:00","breadcrumb":{"@id":"https:\/\/www.kongres-estetickej-mediciny.sk\/index.php\/cennik\/#breadcrumb"},"inLanguage":"sk-SK","potentialAction":[{"@type":"ReadAction","target":["https:\/\/www.kongres-estetickej-mediciny.sk\/index.php\/cennik\/"]}]},{"@type":"BreadcrumbList","@id":"https:\/\/www.kongres-estetickej-mediciny.sk\/index.php\/cennik\/#breadcrumb","itemListElement":[{"@type":"ListItem","position":1,"name":"Domovsk\u00e1 str\u00e1nka","item":"https:\/\/www.kongres-estetickej-mediciny.sk\/"},{"@type":"ListItem","position":2,"name":"Cenn\u00edk"}]},{"@type":"WebSite","@id":"https:\/\/www.kongres-estetickej-mediciny.sk\/#website","url":"https:\/\/www.kongres-estetickej-mediciny.sk\/","name":"Kongres estetickej medic\u00edny","description":"","publisher":{"@id":"https:\/\/www.kongres-estetickej-mediciny.sk\/#organization"},"potentialAction":[{"@type":"SearchAction","target":{"@type":"EntryPoint","urlTemplate":"https:\/\/www.kongres-estetickej-mediciny.sk\/?s={search_term_string}"},"query-input":{"@type":"PropertyValueSpecification","valueRequired":true,"valueName":"search_term_string"}}],"inLanguage":"sk-SK"},{"@type":"Organization","@id":"https:\/\/www.kongres-estetickej-mediciny.sk\/#organization","name":"Kongres laserovej a estetickej medic\u00edny","url":"https:\/\/www.kongres-estetickej-mediciny.sk\/","logo":{"@type":"ImageObject","inLanguage":"sk-SK","@id":"https:\/\/www.kongres-estetickej-mediciny.sk\/#\/schema\/logo\/image\/","url":"https:\/\/www.kongres-estetickej-mediciny.sk\/wp-content\/uploads\/2024\/03\/logo1r.png","contentUrl":"https:\/\/www.kongres-estetickej-mediciny.sk\/wp-content\/uploads\/2024\/03\/logo1r.png","width":2259,"height":477,"caption":"Kongres laserovej a estetickej medic\u00edny"},"image":{"@id":"https:\/\/www.kongres-estetickej-mediciny.sk\/#\/schema\/logo\/image\/"},"sameAs":["https:\/\/www.facebook.com\/felymalaser"]}]}},"_links":{"self":[{"href":"https:\/\/www.kongres-estetickej-mediciny.sk\/index.php\/wp-json\/wp\/v2\/pages\/5799","targetHints":{"allow":["GET"]}}],"collection":[{"href":"https:\/\/www.kongres-estetickej-mediciny.sk\/index.php\/wp-json\/wp\/v2\/pages"}],"about":[{"href":"https:\/\/www.kongres-estetickej-mediciny.sk\/index.php\/wp-json\/wp\/v2\/types\/page"}],"author":[{"embeddable":true,"href":"https:\/\/www.kongres-estetickej-mediciny.sk\/index.php\/wp-json\/wp\/v2\/users\/1"}],"replies":[{"embeddable":true,"href":"https:\/\/www.kongres-estetickej-mediciny.sk\/index.php\/wp-json\/wp\/v2\/comments?post=5799"}],"version-history":[{"count":7,"href":"https:\/\/www.kongres-estetickej-mediciny.sk\/index.php\/wp-json\/wp\/v2\/pages\/5799\/revisions"}],"predecessor-version":[{"id":5807,"href":"https:\/\/www.kongres-estetickej-mediciny.sk\/index.php\/wp-json\/wp\/v2\/pages\/5799\/revisions\/5807"}],"wp:attachment":[{"href":"https:\/\/www.kongres-estetickej-mediciny.sk\/index.php\/wp-json\/wp\/v2\/media?parent=5799"}],"curies":[{"name":"wp","href":"https:\/\/api.w.org\/{rel}","templated":true}]}}